{"id":3153,"date":"2025-04-27T17:02:39","date_gmt":"2025-04-27T23:02:39","guid":{"rendered":"https:\/\/www.clea.mx\/cecom\/?page_id=3153"},"modified":"2025-04-27T17:10:03","modified_gmt":"2025-04-27T23:10:03","slug":"04-cedula-de-inscripcion-a-extension-academica","status":"publish","type":"page","link":"https:\/\/www.clea.mx\/cecom\/04-cedula-de-inscripcion-a-extension-academica\/","title":{"rendered":"04 C\u00e9dula de inscripci\u00f3n a Extensi\u00f3n acad\u00e9mica"},"content":{"rendered":"","protected":false},"excerpt":{"rendered":"","protected":false},"author":1,"featured_media":0,"parent":0,"menu_order":0,"comment_status":"closed","ping_status":"closed","template":"","meta":{"footnotes":""},"class_list":["post-3153","page","type-page","status-publish","hentry"],"_links":{"self":[{"href":"https:\/\/www.clea.mx\/cecom\/wp-json\/wp\/v2\/pages\/3153","targetHints":{"allow":["GET"]}}],"collection":[{"href":"https:\/\/www.clea.mx\/cecom\/wp-json\/wp\/v2\/pages"}],"about":[{"href":"https:\/\/www.clea.mx\/cecom\/wp-json\/wp\/v2\/types\/page"}],"author":[{"embeddable":true,"href":"https:\/\/www.clea.mx\/cecom\/wp-json\/wp\/v2\/users\/1"}],"replies":[{"embeddable":true,"href":"https:\/\/www.clea.mx\/cecom\/wp-json\/wp\/v2\/comments?post=3153"}],"version-history":[{"count":2,"href":"https:\/\/www.clea.mx\/cecom\/wp-json\/wp\/v2\/pages\/3153\/revisions"}],"predecessor-version":[{"id":3157,"href":"https:\/\/www.clea.mx\/cecom\/wp-json\/wp\/v2\/pages\/3153\/revisions\/3157"}],"wp:attachment":[{"href":"https:\/\/www.clea.mx\/cecom\/wp-json\/wp\/v2\/media?parent=3153"}],"curies":[{"name":"wp","href":"https:\/\/api.w.org\/{rel}","templated":true}]}}